{"id":213,"date":"2021-12-19T22:07:00","date_gmt":"2021-12-19T22:07:00","guid":{"rendered":"https:\/\/soluciones.osesa.cl\/?page_id=213"},"modified":"2022-01-05T21:54:12","modified_gmt":"2022-01-05T21:54:12","slug":"landing","status":"publish","type":"page","link":"https:\/\/soluciones.osesa.cl\/","title":{"rendered":"Osesa | Soluciones y Servicios"},"content":{"rendered":"[vc_row full_width=\u00bbstretch_row\u00bb content_placement=\u00bbtop\u00bb css=\u00bb.vc_custom_1641332591608{background-image: url(https:\/\/soluciones.osesa.cl\/wp-content\/uploads\/2022\/01\/bkhead.jpg?id=697) !important;background-position: center !important;background-repeat: no-repeat !important;background-size: cover !important;}\u00bb el_id=\u00bbheader\u00bb][vc_column width=\u00bb3\/5&#8243; el_class=\u00bblogo\u00bb][vc_single_image image=\u00bb698&#8243; img_size=\u00bbfull\u00bb][\/vc_column][vc_column width=\u00bb2\/5&#8243; css=\u00bb.vc_custom_1641333256261{margin-top: 30px !important;margin-bottom: 30px !important;padding-top: 0px !important;padding-bottom: 0px !important;background-color: #e6e6e6 !important;border-radius: 30px !important;}\u00bb el_class=\u00bbformulario\u00bb][vc_row_inner][vc_column_inner css=\u00bb.vc_custom_1641333175190{margin-top: 0px !important;margin-bottom: 0px !important;padding-top: 0px !important;padding-bottom: 0px !important;}\u00bb][vc_empty_space]<div role=\"form\" class=\"wpcf7\" id=\"wpcf7-f400-o1\" lang=\"es-ES\" dir=\"ltr\">\n<div class=\"screen-reader-response\"><p role=\"status\" aria-live=\"polite\" aria-atomic=\"true\"><\/p> <ul><\/ul><\/div>\n<form action=\"\/index.php\/wp-json\/wp\/v2\/pages\/213#wpcf7-f400-o1\" method=\"post\" class=\"wpcf7-form init\" novalidate=\"novalidate\" data-status=\"init\">\n<div style=\"display: none;\">\n<input type=\"hidden\" name=\"_wpcf7\" value=\"400\" \/>\n<input type=\"hidden\" name=\"_wpcf7_version\" value=\"5.5.3\" \/>\n<input type=\"hidden\" name=\"_wpcf7_locale\" value=\"es_ES\" \/>\n<input type=\"hidden\" name=\"_wpcf7_unit_tag\" value=\"wpcf7-f400-o1\" \/>\n<input type=\"hidden\" name=\"_wpcf7_container_post\" value=\"0\" \/>\n<input type=\"hidden\" name=\"_wpcf7_posted_data_hash\" value=\"\" \/>\n<\/div>\n<p class=\"has-text-color has-medium-font-size\" style=\"color:#666666;margin-top: -25px;\">Solicitar cotizaci\u00f3n<\/p>\n<p><span class=\"wpcf7-form-control-wrap your-name\"><input type=\"text\" name=\"your-name\" value=\"\" size=\"40\" class=\"wpcf7-form-control wpcf7-text wpcf7-validates-as-required\" aria-required=\"true\" aria-invalid=\"false\" placeholder=\"Nombre*\" \/><\/span><br \/>\n<span class=\"wpcf7-form-control-wrap tel-463\"><input type=\"tel\" name=\"tel-463\" value=\"\" size=\"40\" class=\"wpcf7-form-control wpcf7-text wpcf7-tel wpcf7-validates-as-tel\" aria-invalid=\"false\" placeholder=\"Tel\u00e9fono*\" \/><\/span><br \/>\n<span class=\"wpcf7-form-control-wrap your-email\"><input type=\"email\" name=\"your-email\" value=\"\" size=\"40\" class=\"wpcf7-form-control wpcf7-text wpcf7-email wpcf7-validates-as-required wpcf7-validates-as-email\" aria-required=\"true\" aria-invalid=\"false\" placeholder=\"Email*\" \/><\/span><br \/>\n<span class=\"wpcf7-form-control-wrap your-message\"><textarea name=\"your-message\" cols=\"40\" rows=\"3\" class=\"wpcf7-form-control wpcf7-textarea\" aria-invalid=\"false\" placeholder=\"Mensaje\"><\/textarea><\/span><br \/>\n*Campos Obligatorios<\/p>\n<p style=\"margin-bottom:-30px\"><input type=\"submit\" value=\"Enviar &gt;\" class=\"wpcf7-form-control has-spinner wpcf7-submit\" \/><\/p>\n<div class=\"wpcf7-response-output\" aria-hidden=\"true\"><\/div><\/form><\/div>[\/vc_column_inner][\/vc_row_inner][vc_empty_space][\/vc_column][\/vc_row][vc_row full_width=\u00bbstretch_row_content\u00bb css=\u00bb.vc_custom_1641419561669{padding-top: 3% !important;padding-bottom: 30px !important;background-image: url(https:\/\/soluciones.osesa.cl\/wp-content\/uploads\/2022\/01\/bkall1-scaled.jpg?id=827) !important;background-position: center !important;background-repeat: no-repeat !important;background-size: cover !important;}\u00bb el_id=\u00bbcontenido-fondo\u00bb][vc_column][vc_custom_heading text=\u00bb<b>Soluciones y Servicios<\/b>\u00bb font_container=\u00bbtag:h1|text_align:center|color:%23ffffff|line_height:1.2&#8243; use_theme_fonts=\u00bbyes\u00bb css=\u00bb.vc_custom_1641419180266{padding-right: 3% !important;padding-left: 3% !important;}\u00bb][vc_separator color=\u00bbcustom\u00bb border_width=\u00bb5&#8243; el_width=\u00bb10&#8243; accent_color=\u00bb#e8d933&#8243;][vc_empty_space height=\u00bb15px\u00bb][vc_custom_heading text=\u00bbSoluciones\u00bb font_container=\u00bbtag:h2|text_align:center|color:%23ffffff\u00bb use_theme_fonts=\u00bbyes\u00bb css=\u00bb.vc_custom_1641419185721{padding-right: 3% !important;padding-left: 3% !important;}\u00bb][vc_row_inner equal_height=\u00bbyes\u00bb content_placement=\u00bbtop\u00bb gap=\u00bb35&#8243; el_class=\u00bbsoluciones\u00bb css=\u00bb.vc_custom_1641419194644{margin-right: 3% !important;margin-left: 3% !important;padding-right: 5% !important;padding-left: 5% !important;}\u00bb][vc_column_inner width=\u00bb1\/3&#8243;][vc_single_image image=\u00bb719&#8243; img_size=\u00bbfull\u00bb alignment=\u00bbcenter\u00bb][vc_column_text]\n<p style=\"text-align: center;\"><strong>Control de acceso<\/strong><\/p>\n<p style=\"text-align: center;\">Control facial, huella, tarjeta, temperatura, barrera vehicular, torniquetes, lector de patente<\/p>\n[\/vc_column_text][\/vc_column_inner][vc_column_inner width=\u00bb1\/3&#8243;][vc_single_image image=\u00bb720&#8243; img_size=\u00bbfull\u00bb alignment=\u00bbcenter\u00bb][vc_column_text]\n<p style=\"text-align: center;\"><strong>CCTV<\/strong><\/p>\n<p style=\"text-align: center;\">C\u00e1maras IP, soluciones HD, anal\u00edtica de video<\/p>\n<p>&nbsp;<\/p>\n[\/vc_column_text][\/vc_column_inner][vc_column_inner width=\u00bb1\/3&#8243;][vc_single_image image=\u00bb721&#8243; img_size=\u00bbfull\u00bb alignment=\u00bbcenter\u00bb][vc_column_text]\n<p style=\"text-align: center;\"><strong>Sistemas contra incendios<\/strong><\/p>\n<p style=\"text-align: center;\">Detecci\u00f3n de incendios con sistemas inteligentes y an\u00e1logos. Extinci\u00f3n con agentes limpios<\/p>\n<p>&nbsp;<\/p>\n[\/vc_column_text][\/vc_column_inner][\/vc_row_inner][vc_row_inner equal_height=\u00bbyes\u00bb content_placement=\u00bbtop\u00bb gap=\u00bb35&#8243; el_class=\u00bbsoluciones\u00bb css=\u00bb.vc_custom_1641419601275{margin-right: 3% !important;margin-left: 3% !important;padding-right: 5% !important;padding-left: 5% !important;}\u00bb][vc_column_inner width=\u00bb1\/3&#8243;][vc_single_image image=\u00bb722&#8243; img_size=\u00bbfull\u00bb alignment=\u00bbcenter\u00bb][vc_column_text]\n<p style=\"text-align: center;\"><strong>Sistemas de intrusi\u00f3n<\/strong><\/p>\n<p style=\"text-align: center;\">Rayos perimetrales, cerco el\u00e9ctrico, radares, soluciones inal\u00e1mbricas<\/p>\n<p>&nbsp;<\/p>\n[\/vc_column_text][\/vc_column_inner][vc_column_inner width=\u00bb1\/3&#8243;][vc_single_image image=\u00bb723&#8243; img_size=\u00bbfull\u00bb alignment=\u00bbcenter\u00bb][vc_column_text]\n<p style=\"text-align: center;\"><strong>Abloy alta seguridad<\/strong><\/p>\n<p style=\"text-align: center;\">Cierrapuertas, cilindros, cerraduras y candados mec\u00e1nicos o electr\u00f3nicos<\/p>\n<p>&nbsp;<\/p>\n[\/vc_column_text][\/vc_column_inner][vc_column_inner width=\u00bb1\/3&#8243;][vc_single_image image=\u00bb724&#8243; img_size=\u00bbfull\u00bb alignment=\u00bbcenter\u00bb][vc_column_text]\n<p style=\"text-align: center;\"><strong>Cerraduras para muebles<\/strong><\/p>\n<p style=\"text-align: center;\">Cerraduras para locker electr\u00f3nicas, mec\u00e1nicas e invisibles. Cerraduras amaestradas<\/p>\n[\/vc_column_text][\/vc_column_inner][\/vc_row_inner][vc_empty_space][vc_custom_heading text=\u00bbServicios\u00bb font_container=\u00bbtag:h2|text_align:center|color:%23ffffff\u00bb use_theme_fonts=\u00bbyes\u00bb][vc_row_inner equal_height=\u00bbyes\u00bb content_placement=\u00bbtop\u00bb gap=\u00bb35&#8243; el_class=\u00bbsoluciones\u00bb css=\u00bb.vc_custom_1641419607619{margin-right: 3% !important;margin-left: 3% !important;padding-right: 5% !important;padding-left: 5% !important;}\u00bb][vc_column_inner width=\u00bb1\/3&#8243;][vc_single_image image=\u00bb725&#8243; img_size=\u00bbfull\u00bb alignment=\u00bbcenter\u00bb][vc_column_text]\n<p style=\"text-align: center;\"><strong>Ingenier\u00eda y Desarrollo<\/strong><\/p>\n<p style=\"text-align: center;\">Integraci\u00f3n de sistemas de seguridad, software y desarrollo de soluciones a la medida<\/p>\n<p>&nbsp;<\/p>\n[\/vc_column_text][\/vc_column_inner][vc_column_inner width=\u00bb1\/3&#8243;][vc_single_image image=\u00bb726&#8243; img_size=\u00bbfull\u00bb alignment=\u00bbcenter\u00bb][vc_column_text]\n<p style=\"text-align: center;\"><strong>Mantenimiento<\/strong><\/p>\n<p style=\"text-align: center;\">Planes de mantenimiento en sistemas de seguridad mec\u00e1nica, electr\u00f3nica y software<\/p>\n<p>&nbsp;<\/p>\n[\/vc_column_text][\/vc_column_inner][vc_column_inner width=\u00bb1\/3&#8243;][vc_single_image image=\u00bb727&#8243; img_size=\u00bbfull\u00bb alignment=\u00bbcenter\u00bb][vc_column_text]\n<p style=\"text-align: center;\"><strong>Monitoreo 24\/7<\/strong><\/p>\n<p style=\"text-align: center;\">Central de monitoreo de alarmas, c\u00e1maras de seguridad y GPS<\/p>\n<p>&nbsp;<\/p>\n[\/vc_column_text][\/vc_column_inner][\/vc_row_inner][vc_custom_heading text=\u00bb<b>Estamos en<\/b>\u00bb font_container=\u00bbtag:h1|text_align:center|color:%23ffffff|line_height:1.2&#8243; use_theme_fonts=\u00bbyes\u00bb css=\u00bb.vc_custom_1641419629121{margin-right: 3% !important;margin-left: 3% !important;}\u00bb][vc_separator color=\u00bbcustom\u00bb border_width=\u00bb5&#8243; el_width=\u00bb10&#8243; accent_color=\u00bb#e8d933&#8243;][vc_row_inner css=\u00bb.vc_custom_1641419623186{margin-right: 3% !important;margin-left: 3% !important;padding-right: 2% !important;padding-left: 2% !important;}\u00bb][vc_column_inner width=\u00bb1\/3&#8243;][vc_single_image image=\u00bb739&#8243; img_size=\u00bbfull\u00bb alignment=\u00bbcenter\u00bb css=\u00bb.vc_custom_1641336152286{margin-top: 0px !important;margin-bottom: 0px !important;}\u00bb][vc_custom_heading text=\u00bbLog\u00edstica\u00bb font_container=\u00bbtag:h4|text_align:center|color:%23ffffff\u00bb use_theme_fonts=\u00bbyes\u00bb][\/vc_column_inner][vc_column_inner width=\u00bb1\/3&#8243;][vc_single_image image=\u00bb740&#8243; img_size=\u00bbfull\u00bb alignment=\u00bbcenter\u00bb css=\u00bb.vc_custom_1641336159198{margin-top: 0px !important;margin-bottom: 0px !important;padding-top: 0px !important;padding-bottom: 0px !important;}\u00bb][vc_custom_heading text=\u00bbTelecomunicaciones\u00bb font_container=\u00bbtag:h4|text_align:center|color:%23ffffff\u00bb use_theme_fonts=\u00bbyes\u00bb][\/vc_column_inner][vc_column_inner width=\u00bb1\/3&#8243;][vc_single_image image=\u00bb741&#8243; img_size=\u00bbfull\u00bb alignment=\u00bbcenter\u00bb css=\u00bb.vc_custom_1641336165802{margin-top: 0px !important;margin-bottom: 0px !important;padding-top: 0px !important;padding-bottom: 0px !important;}\u00bb][vc_custom_heading text=\u00bbMiner\u00eda\u00bb font_container=\u00bbtag:h4|text_align:center|color:%23ffffff\u00bb use_theme_fonts=\u00bbyes\u00bb][\/vc_column_inner][\/vc_row_inner][vc_empty_space height=\u00bb40px\u00bb][vc_row_inner css=\u00bb.vc_custom_1641419635538{margin-right: 3% !important;margin-left: 3% !important;padding-right: 2% !important;padding-left: 2% !important;}\u00bb][vc_column_inner width=\u00bb1\/3&#8243;][vc_single_image image=\u00bb742&#8243; img_size=\u00bbfull\u00bb alignment=\u00bbcenter\u00bb css=\u00bb.vc_custom_1641336191407{margin-top: 0px !important;margin-bottom: 0px !important;padding-top: 0px !important;padding-bottom: 0px !important;}\u00bb][vc_custom_heading text=\u00bbGeneraci\u00f3n y distribuci\u00f3n el\u00e9ctrica\u00bb font_container=\u00bbtag:h4|text_align:center|color:%23ffffff\u00bb use_theme_fonts=\u00bbyes\u00bb][\/vc_column_inner][vc_column_inner width=\u00bb1\/3&#8243;][vc_single_image image=\u00bb743&#8243; img_size=\u00bbfull\u00bb alignment=\u00bbcenter\u00bb css=\u00bb.vc_custom_1641336197973{margin-top: 0px !important;margin-bottom: 0px !important;padding-top: 0px !important;padding-bottom: 0px !important;}\u00bb][vc_custom_heading text=\u00bbBanca y valores\u00bb font_container=\u00bbtag:h4|text_align:center|color:%23ffffff\u00bb use_theme_fonts=\u00bbyes\u00bb][\/vc_column_inner][vc_column_inner width=\u00bb1\/3&#8243;][vc_single_image image=\u00bb744&#8243; img_size=\u00bbfull\u00bb alignment=\u00bbcenter\u00bb css=\u00bb.vc_custom_1641336205144{margin-top: 0px !important;margin-bottom: 0px !important;padding-top: 0px !important;padding-bottom: 0px !important;}\u00bb][vc_custom_heading text=\u00bbDatacenter\u00bb font_container=\u00bbtag:h4|text_align:center|color:%23ffffff\u00bb use_theme_fonts=\u00bbyes\u00bb][\/vc_column_inner][\/vc_row_inner][vc_empty_space height=\u00bb70px\u00bb][vc_custom_heading text=\u00bb<b>Razones para confiar en nosotros<\/b>\u00bb font_container=\u00bbtag:h1|text_align:center|color:%23ffffff|line_height:1.2&#8243; use_theme_fonts=\u00bbyes\u00bb css=\u00bb.vc_custom_1641419644168{margin-right: 3% !important;margin-left: 3% !important;}\u00bb][vc_separator color=\u00bbcustom\u00bb border_width=\u00bb5&#8243; el_width=\u00bb10&#8243; accent_color=\u00bb#e8d933&#8243;][vc_single_image image=\u00bb807&#8243; img_size=\u00bbfull\u00bb alignment=\u00bbcenter\u00bb css=\u00bb.vc_custom_1641419649912{margin-right: 3% !important;margin-left: 3% !important;}\u00bb][vc_single_image image=\u00bb806&#8243; img_size=\u00bbfull\u00bb css=\u00bb.vc_custom_1641418877202{margin-top: 0px !important;margin-right: 0px !important;margin-bottom: 0px !important;margin-left: 0px !important;padding-left: 0px !important;}\u00bb el_class=\u00bbimagen-aro\u00bb][vc_row_inner css=\u00bb.vc_custom_1641419048124{margin-right: 5% !important;margin-left: 5% !important;padding-top: 3% !important;padding-right: 3% !important;padding-bottom: 3% !important;padding-left: 3% !important;background-color: #ffffff !important;}\u00bb el_id=\u00bbclientes\u00bb][vc_column_inner][vc_single_image image=\u00bb750&#8243; img_size=\u00bbfull\u00bb alignment=\u00bbcenter\u00bb][vc_custom_heading text=\u00bb<b>Conf\u00edan en nosotros<\/b>\u00bb font_container=\u00bbtag:h1|text_align:center|color:%23003883|line_height:1.2&#8243; use_theme_fonts=\u00bbyes\u00bb][vc_separator color=\u00bbcustom\u00bb border_width=\u00bb5&#8243; el_width=\u00bb10&#8243; accent_color=\u00bb#e8d933&#8243;][vc_gallery type=\u00bbimage_grid\u00bb images=\u00bb751,752,753,754,755,756,757,758,759,760,761,762,763,764,765,766,767,768,769,770,771,772,773,774,775,776,777,778,779&#8243; img_size=\u00bbfull\u00bb onclick=\u00bb\u00bb el_class=\u00bblogos-clientes\u00bb][\/vc_column_inner][\/vc_row_inner][vc_empty_space height=\u00bb70px\u00bb][\/vc_column][\/vc_row][vc_row full_width=\u00bbstretch_row\u00bb css=\u00bb.vc_custom_1641334510180{padding-bottom: 10px !important;background-color: #001f48 !important;}\u00bb][vc_column][vc_custom_heading text=\u00bb\u00a9 2022 Osesa. Todos los derechos reservados. Pol\u00edtica de Privacidad.\u00bb font_container=\u00bbtag:p|text_align:center|color:%23ffffff\u00bb use_theme_fonts=\u00bbyes\u00bb][\/vc_column][\/vc_row]\n","protected":false},"excerpt":{"rendered":"<p>[vc_row full_width=\u00bbstretch_row\u00bb content_placement=\u00bbtop\u00bb css=\u00bb.vc_custom_1641332591608{background-image: url(https:\/\/soluciones.osesa.cl\/wp-content\/uploads\/2022\/01\/bkhead.jpg?id=697) !important;background-position: center !important;background-repeat: no-repeat !important;background-size: cover !important;}\u00bb el_id=\u00bbheader\u00bb][vc_column width=\u00bb3\/5&#8243; el_class=\u00bblogo\u00bb][vc_single_image image=\u00bb698&#8243; img_size=\u00bbfull\u00bb][\/vc_column][vc_column width=\u00bb2\/5&#8243; css=\u00bb.vc_custom_1641333256261{margin-top: 30px !important;margin-bottom: 30px !important;padding-top: 0px !important;padding-bottom: 0px !important;background-color: #e6e6e6 !important;border-radius: 30px !important;}\u00bb el_class=\u00bbformulario\u00bb][vc_row_inner][vc_column_inner css=\u00bb.vc_custom_1641333175190{margin-top: 0px !important;margin-bottom: 0px !important;padding-top: 0px !important;padding-bottom: 0px<\/p>\n","protected":false},"author":8,"featured_media":0,"parent":0,"menu_order":0,"comment_status":"closed","ping_status":"closed","template":"","meta":{"footnotes":""},"_links":{"self":[{"href":"https:\/\/soluciones.osesa.cl\/index.php\/wp-json\/wp\/v2\/pages\/213"}],"collection":[{"href":"https:\/\/soluciones.osesa.cl\/index.php\/wp-json\/wp\/v2\/pages"}],"about":[{"href":"https:\/\/soluciones.osesa.cl\/index.php\/wp-json\/wp\/v2\/types\/page"}],"author":[{"embeddable":true,"href":"https:\/\/soluciones.osesa.cl\/index.php\/wp-json\/wp\/v2\/users\/8"}],"replies":[{"embeddable":true,"href":"https:\/\/soluciones.osesa.cl\/index.php\/wp-json\/wp\/v2\/comments?post=213"}],"version-history":[{"count":345,"href":"https:\/\/soluciones.osesa.cl\/index.php\/wp-json\/wp\/v2\/pages\/213\/revisions"}],"predecessor-version":[{"id":829,"href":"https:\/\/soluciones.osesa.cl\/index.php\/wp-json\/wp\/v2\/pages\/213\/revisions\/829"}],"wp:attachment":[{"href":"https:\/\/soluciones.osesa.cl\/index.php\/wp-json\/wp\/v2\/media?parent=213"}],"curies":[{"name":"wp","href":"https:\/\/api.w.org\/{rel}","templated":true}]}}